{"id":19,"date":"2025-04-29T09:12:29","date_gmt":"2025-04-29T09:12:29","guid":{"rendered":"https:\/\/polisense.pl\/?page_id=19"},"modified":"2025-04-29T10:00:36","modified_gmt":"2025-04-29T10:00:36","slug":"dla-agentow-indywidualnych","status":"publish","type":"page","link":"https:\/\/polisense.pl\/index.php\/dla-agentow-indywidualnych\/","title":{"rendered":"\ud83e\uddd1\u200d\ud83d\udcbc Dla doradc\u00f3w ubezpieczeniowych"},"content":{"rendered":"\n<p class=\"has-medium-font-size\">Chcesz, by Twoi klienci nie rezygnowali z polis? Chcesz mie\u0107 lepszy pretekst do kontaktu ni\u017c &#8220;czy op\u0142aci\u0142 Pan sk\u0142adk\u0119&#8221;? PoliSense daje Ci gotowe tre\u015bci, historie i symulacje, kt\u00f3re mo\u017cesz wysy\u0142a\u0107 co miesi\u0105c. Klient czuje si\u0119 zaopiekowany, a Ty nie tracisz czasu na r\u0119czne dzia\u0142ania.<\/p>\n","protected":false},"excerpt":{"rendered":"<p>Chcesz, by Twoi klienci nie rezygnowali z polis? Chcesz mie\u0107 lepszy pretekst do kontaktu ni\u017c &#8220;czy op\u0142aci\u0142 Pan sk\u0142adk\u0119&#8221;? PoliSense daje Ci gotowe tre\u015bci, historie i symulacje, kt\u00f3re mo\u017cesz wysy\u0142a\u0107 &#8230;<\/p>\n","protected":false},"author":1,"featured_media":0,"parent":0,"menu_order":0,"comment_status":"closed","ping_status":"closed","template":"","meta":{"footnotes":""},"class_list":["post-19","page","type-page","status-publish","hentry"],"_links":{"self":[{"href":"https:\/\/polisense.pl\/index.php\/wp-json\/wp\/v2\/pages\/19","targetHints":{"allow":["GET"]}}],"collection":[{"href":"https:\/\/polisense.pl\/index.php\/wp-json\/wp\/v2\/pages"}],"about":[{"href":"https:\/\/polisense.pl\/index.php\/wp-json\/wp\/v2\/types\/page"}],"author":[{"embeddable":true,"href":"https:\/\/polisense.pl\/index.php\/wp-json\/wp\/v2\/users\/1"}],"replies":[{"embeddable":true,"href":"https:\/\/polisense.pl\/index.php\/wp-json\/wp\/v2\/comments?post=19"}],"version-history":[{"count":3,"href":"https:\/\/polisense.pl\/index.php\/wp-json\/wp\/v2\/pages\/19\/revisions"}],"predecessor-version":[{"id":47,"href":"https:\/\/polisense.pl\/index.php\/wp-json\/wp\/v2\/pages\/19\/revisions\/47"}],"wp:attachment":[{"href":"https:\/\/polisense.pl\/index.php\/wp-json\/wp\/v2\/media?parent=19"}],"curies":[{"name":"wp","href":"https:\/\/api.w.org\/{rel}","templated":true}]}}